{"id":3089,"date":"2017-11-29T14:44:03","date_gmt":"2017-11-29T16:44:03","guid":{"rendered":"http:\/\/themes.webdevia.com\/call-center-customer-services-wordpress-theme\/?page_id=49"},"modified":"2023-07-10T14:43:34","modified_gmt":"2023-07-10T17:43:34","slug":"quienes-somos","status":"publish","type":"page","link":"https:\/\/atm24h.com.br\/es\/quienes-somos\/","title":{"rendered":"Quienes somos"},"content":{"rendered":"<p>[vc_row][vc_column width=\u00bb1\/6&#8243;][\/vc_column][vc_column width=\u00bb2\/3&#8243;]\n\n<div class=\"wd_empty_space\" data-heightmobile=\"0\" data-heighttablet=\"0\" data-heightdesktop=\"80\">\n\n<\/div>\n      \n\n\n\n        \n      \n    \n\n<div class=\"wd_empty_space\" data-heightmobile=\"40\" data-heighttablet=\"40\" data-heightdesktop=\"122\">\n\n<\/div>\n      \n\n\n\n        \n      \n    \t<div class=\"wd-heading text-center  animated  \" style=\"max-width: 100%\" data-animated=fadeInUp>\n\t\t\n\t\t\t<h1 style=\"margin:0;\" class=\"title_a\">\n\t\t\tHola, somos a  ATM24h\t\t\t<\/h1>\n\n\t\t\t<hr class='' style=' margin: 10px;border-bottom-style: solid;width: 20px;border-bottom-color: #ffffff;'\/>\t\t<\/div>\n\n\t\t\n\n<div class=\"wd_empty_space\" data-heightmobile=\"40\" data-heighttablet=\"40\" data-heightdesktop=\"122\">\n\n<\/div>\n      \n\n\n\n        \n      \n    [\/vc_column][vc_column width=\u00bb1\/6&#8243;][\/vc_column][\/vc_row][vc_row animation_delay=\u00bb300&#8243;][vc_column width=\u00bb2\/3&#8243;]\t<div class=\"wd-heading text-center  animated  \" style=\"max-width: 100%\" data-animated=fadeInUp>\n\t\t\n\t\t\t\n\t\t\t<h3 style=\"margin:0;\" class=\"title_c\">\n\t\t\tDesde 2011 ofreciendo comodidad y seguridad para retiros en cajeros autom\u00e1ticos en Brasil en moneda local\t\t\t<\/h3>\n\n\t\t\t<hr class='hr_c' style=' margin: 30px 0 0 0;border-bottom-color: rgba(255,255,255,0.01);'\/>\t\t\t\t\t\t\t<h4 style=\"\" class=\"sub_title_c\">\n\t\t\t\tDAI Brasil ATM, que forma parte de un grupo multinacional especializado en la atenci\u00f3n al turista, con 30 a\u00f1os de experiencia y presencia en m\u00e1s de 80 pa\u00edses; a trav\u00e9s de su marca ATM24h, en 2011 implement\u00f3 la primera red privada brasile\u00f1a de cajeros autom\u00e1ticos. Sus actividades est\u00e1n enfocadas en brindar servicios para garantizar retiros en moneda nacional y consultas de saldo para turistas extranjeros y brasile\u00f1os en Brasil, con comodidad y seguridad, las 24 horas, los 365 d\u00edas del a\u00f1o, a trav\u00e9s de tarjetas internacionales y nacionales Mastercard y Visa.\t\t\t\t<\/h4>\n\t\t\t\t\t\t\n\t\t\t\t<\/div>\n\n\t\t\n\n<div class=\"wd_empty_space\" data-heightmobile=\"30\" data-heighttablet=\"30\" data-heightdesktop=\"20\">\n\n<\/div>\n      \n\n\n\n        \n      \n    [vc_btn title=\u00bbCONOCE NUESTROS SERVICIOS\u00bb style=\u00bbgradient-custom\u00bb gradient_custom_color_1=\u00bb#335cff\u00bb gradient_custom_color_2=\u00bb#3a46d1&#8243; align=\u00bbleft\u00bb link=\u00bburl:https%3A%2F%2Fatm24h.com.br%2Fes%2Fservicios%2F|title:Servicios\u00bb]\n\n<div class=\"wd_empty_space\" data-heightmobile=\"50\" data-heighttablet=\"50\" data-heightdesktop=\"100\">\n\n<\/div>\n      \n\n\n\n        \n      \n    \n\n<div class=\"wd_empty_space\" data-heightmobile=\"0\" data-heighttablet=\"0\" data-heightdesktop=\"7\">\n\n<\/div>\n      \n\n\n\n        \n      \n    [\/vc_column][vc_column width=\u00bb1\/3&#8243;]\n\n<div class=\"wd_empty_space\" data-heightmobile=\"0\" data-heighttablet=\"0\" data-heightdesktop=\"60\">\n\n<\/div>\n      \n\n\n\n        \n      \n    [vc_single_image image=\u00bb4341&#8243; img_size=\u00bbfull\u00bb alignment=\u00bbcenter\u00bb][\/vc_column][\/vc_row]<\/p>\n","protected":false},"excerpt":{"rendered":"<p>[vc_row][vc_column width=\u00bb1\/6&#8243;][\/vc_column][vc_column width=\u00bb2\/3&#8243;][\/vc_column][vc_column width=\u00bb1\/6&#8243;][\/vc_column][\/vc_row][vc_row animation_delay=\u00bb300&#8243;][vc_column width=\u00bb2\/3&#8243;][vc_btn title=\u00bbCONOCE NUESTROS SERVICIOS\u00bb style=\u00bbgradient-custom\u00bb gradient_custom_color_1=\u00bb#335cff\u00bb gradient_custom_color_2=\u00bb#3a46d1&#8243; align=\u00bbleft\u00bb link=\u00bburl:https%3A%2F%2Fatm24h.com.br%2Fes%2Fservicios%2F|title:Servicios\u00bb][\/vc_column][vc_column width=\u00bb1\/3&#8243;][vc_single_image image=\u00bb4341&#8243; img_size=\u00bbfull\u00bb alignment=\u00bbcenter\u00bb][\/vc_column][\/vc_row]<\/p>\n","protected":false},"author":1,"featured_media":0,"parent":0,"menu_order":0,"comment_status":"closed","ping_status":"closed","template":"","meta":{"footnotes":""},"class_list":["post-3089","page","type-page","status-publish","hentry"],"yoast_head":"<!-- This site is optimized with the Yoast SEO plugin v26.0 - https:\/\/yoast.com\/wordpress\/plugins\/seo\/ -->\n<title>Quienes somos - ATM24h<\/title>\n<meta name=\"robots\" content=\"index, follow, max-snippet:-1, max-image-preview:large, max-video-preview:-1\" \/>\n<link rel=\"canonical\" href=\"https:\/\/atm24h.com.br\/es\/quienes-somos\/\" \/>\n<meta property=\"og:locale\" content=\"es_ES\" \/>\n<meta property=\"og:type\" content=\"article\" \/>\n<meta property=\"og:title\" content=\"Quienes somos - ATM24h\" \/>\n<meta property=\"og:description\" content=\"[vc_row][vc_column width=\u00bb1\/6&#8243;][\/vc_column][vc_column width=\u00bb2\/3&#8243;][\/vc_column][vc_column width=\u00bb1\/6&#8243;][\/vc_column][\/vc_row][vc_row animation_delay=\u00bb300&#8243;][vc_column width=\u00bb2\/3&#8243;][vc_btn title=\u00bbCONOCE NUESTROS SERVICIOS\u00bb style=\u00bbgradient-custom\u00bb gradient_custom_color_1=\u00bb#335cff\u00bb gradient_custom_color_2=\u00bb#3a46d1&#8243; align=\u00bbleft\u00bb link=\u00bburl:https%3A%2F%2Fatm24h.com.br%2Fes%2Fservicios%2F|title:Servicios\u00bb][\/vc_column][vc_column width=\u00bb1\/3&#8243;][vc_single_image image=\u00bb4341&#8243; img_size=\u00bbfull\u00bb alignment=\u00bbcenter\u00bb][\/vc_column][\/vc_row]\" \/>\n<meta property=\"og:url\" content=\"https:\/\/atm24h.com.br\/es\/quienes-somos\/\" \/>\n<meta property=\"og:site_name\" content=\"ATM24h\" \/>\n<meta property=\"article:modified_time\" content=\"2023-07-10T17:43:34+00:00\" \/>\n<meta name=\"twitter:card\" content=\"summary_large_image\" \/>\n<meta name=\"twitter:label1\" content=\"Tiempo de lectura\" \/>\n\t<meta name=\"twitter:data1\" content=\"1 minuto\" \/>\n<script type=\"application\/ld+json\" class=\"yoast-schema-graph\">{\"@context\":\"https:\/\/schema.org\",\"@graph\":[{\"@type\":\"WebPage\",\"@id\":\"https:\/\/atm24h.com.br\/es\/quienes-somos\/\",\"url\":\"https:\/\/atm24h.com.br\/es\/quienes-somos\/\",\"name\":\"Quienes somos - ATM24h\",\"isPartOf\":{\"@id\":\"https:\/\/atm24h.com.br\/es\/#website\"},\"datePublished\":\"2017-11-29T16:44:03+00:00\",\"dateModified\":\"2023-07-10T17:43:34+00:00\",\"breadcrumb\":{\"@id\":\"https:\/\/atm24h.com.br\/es\/quienes-somos\/#breadcrumb\"},\"inLanguage\":\"es\",\"potentialAction\":[{\"@type\":\"ReadAction\",\"target\":[\"https:\/\/atm24h.com.br\/es\/quienes-somos\/\"]}]},{\"@type\":\"BreadcrumbList\",\"@id\":\"https:\/\/atm24h.com.br\/es\/quienes-somos\/#breadcrumb\",\"itemListElement\":[{\"@type\":\"ListItem\",\"position\":1,\"name\":\"Portada\",\"item\":\"https:\/\/atm24h.com.br\/es\/\"},{\"@type\":\"ListItem\",\"position\":2,\"name\":\"Quienes somos\"}]},{\"@type\":\"WebSite\",\"@id\":\"https:\/\/atm24h.com.br\/es\/#website\",\"url\":\"https:\/\/atm24h.com.br\/es\/\",\"name\":\"ATM24h\",\"description\":\"\",\"publisher\":{\"@id\":\"https:\/\/atm24h.com.br\/es\/#organization\"},\"alternateName\":\"ATM24h\",\"potentialAction\":[{\"@type\":\"SearchAction\",\"target\":{\"@type\":\"EntryPoint\",\"urlTemplate\":\"https:\/\/atm24h.com.br\/es\/?s={search_term_string}\"},\"query-input\":{\"@type\":\"PropertyValueSpecification\",\"valueRequired\":true,\"valueName\":\"search_term_string\"}}],\"inLanguage\":\"es\"},{\"@type\":\"Organization\",\"@id\":\"https:\/\/atm24h.com.br\/es\/#organization\",\"name\":\"ATM24h\",\"url\":\"https:\/\/atm24h.com.br\/es\/\",\"logo\":{\"@type\":\"ImageObject\",\"inLanguage\":\"es\",\"@id\":\"https:\/\/atm24h.com.br\/es\/#\/schema\/logo\/image\/\",\"url\":\"https:\/\/atm24h.com.br\/es\/wp-content\/uploads\/2023\/07\/LOGO-MONO.png\",\"contentUrl\":\"https:\/\/atm24h.com.br\/es\/wp-content\/uploads\/2023\/07\/LOGO-MONO.png\",\"width\":1327,\"height\":304,\"caption\":\"ATM24h\"},\"image\":{\"@id\":\"https:\/\/atm24h.com.br\/es\/#\/schema\/logo\/image\/\"}}]}<\/script>\n<!-- \/ Yoast SEO plugin. -->","yoast_head_json":{"title":"Quienes somos - ATM24h","robots":{"index":"index","follow":"follow","max-snippet":"max-snippet:-1","max-image-preview":"max-image-preview:large","max-video-preview":"max-video-preview:-1"},"canonical":"https:\/\/atm24h.com.br\/es\/quienes-somos\/","og_locale":"es_ES","og_type":"article","og_title":"Quienes somos - ATM24h","og_description":"[vc_row][vc_column width=\u00bb1\/6&#8243;][\/vc_column][vc_column width=\u00bb2\/3&#8243;][\/vc_column][vc_column width=\u00bb1\/6&#8243;][\/vc_column][\/vc_row][vc_row animation_delay=\u00bb300&#8243;][vc_column width=\u00bb2\/3&#8243;][vc_btn title=\u00bbCONOCE NUESTROS SERVICIOS\u00bb style=\u00bbgradient-custom\u00bb gradient_custom_color_1=\u00bb#335cff\u00bb gradient_custom_color_2=\u00bb#3a46d1&#8243; align=\u00bbleft\u00bb link=\u00bburl:https%3A%2F%2Fatm24h.com.br%2Fes%2Fservicios%2F|title:Servicios\u00bb][\/vc_column][vc_column width=\u00bb1\/3&#8243;][vc_single_image image=\u00bb4341&#8243; img_size=\u00bbfull\u00bb alignment=\u00bbcenter\u00bb][\/vc_column][\/vc_row]","og_url":"https:\/\/atm24h.com.br\/es\/quienes-somos\/","og_site_name":"ATM24h","article_modified_time":"2023-07-10T17:43:34+00:00","twitter_card":"summary_large_image","twitter_misc":{"Tiempo de lectura":"1 minuto"},"schema":{"@context":"https:\/\/schema.org","@graph":[{"@type":"WebPage","@id":"https:\/\/atm24h.com.br\/es\/quienes-somos\/","url":"https:\/\/atm24h.com.br\/es\/quienes-somos\/","name":"Quienes somos - ATM24h","isPartOf":{"@id":"https:\/\/atm24h.com.br\/es\/#website"},"datePublished":"2017-11-29T16:44:03+00:00","dateModified":"2023-07-10T17:43:34+00:00","breadcrumb":{"@id":"https:\/\/atm24h.com.br\/es\/quienes-somos\/#breadcrumb"},"inLanguage":"es","potentialAction":[{"@type":"ReadAction","target":["https:\/\/atm24h.com.br\/es\/quienes-somos\/"]}]},{"@type":"BreadcrumbList","@id":"https:\/\/atm24h.com.br\/es\/quienes-somos\/#breadcrumb","itemListElement":[{"@type":"ListItem","position":1,"name":"Portada","item":"https:\/\/atm24h.com.br\/es\/"},{"@type":"ListItem","position":2,"name":"Quienes somos"}]},{"@type":"WebSite","@id":"https:\/\/atm24h.com.br\/es\/#website","url":"https:\/\/atm24h.com.br\/es\/","name":"ATM24h","description":"","publisher":{"@id":"https:\/\/atm24h.com.br\/es\/#organization"},"alternateName":"ATM24h","potentialAction":[{"@type":"SearchAction","target":{"@type":"EntryPoint","urlTemplate":"https:\/\/atm24h.com.br\/es\/?s={search_term_string}"},"query-input":{"@type":"PropertyValueSpecification","valueRequired":true,"valueName":"search_term_string"}}],"inLanguage":"es"},{"@type":"Organization","@id":"https:\/\/atm24h.com.br\/es\/#organization","name":"ATM24h","url":"https:\/\/atm24h.com.br\/es\/","logo":{"@type":"ImageObject","inLanguage":"es","@id":"https:\/\/atm24h.com.br\/es\/#\/schema\/logo\/image\/","url":"https:\/\/atm24h.com.br\/es\/wp-content\/uploads\/2023\/07\/LOGO-MONO.png","contentUrl":"https:\/\/atm24h.com.br\/es\/wp-content\/uploads\/2023\/07\/LOGO-MONO.png","width":1327,"height":304,"caption":"ATM24h"},"image":{"@id":"https:\/\/atm24h.com.br\/es\/#\/schema\/logo\/image\/"}}]}},"_links":{"self":[{"href":"https:\/\/atm24h.com.br\/es\/wp-json\/wp\/v2\/pages\/3089","targetHints":{"allow":["GET"]}}],"collection":[{"href":"https:\/\/atm24h.com.br\/es\/wp-json\/wp\/v2\/pages"}],"about":[{"href":"https:\/\/atm24h.com.br\/es\/wp-json\/wp\/v2\/types\/page"}],"author":[{"embeddable":true,"href":"https:\/\/atm24h.com.br\/es\/wp-json\/wp\/v2\/users\/1"}],"replies":[{"embeddable":true,"href":"https:\/\/atm24h.com.br\/es\/wp-json\/wp\/v2\/comments?post=3089"}],"version-history":[{"count":2,"href":"https:\/\/atm24h.com.br\/es\/wp-json\/wp\/v2\/pages\/3089\/revisions"}],"predecessor-version":[{"id":4525,"href":"https:\/\/atm24h.com.br\/es\/wp-json\/wp\/v2\/pages\/3089\/revisions\/4525"}],"wp:attachment":[{"href":"https:\/\/atm24h.com.br\/es\/wp-json\/wp\/v2\/media?parent=3089"}],"curies":[{"name":"wp","href":"https:\/\/api.w.org\/{rel}","templated":true}]}}