{"id":3160,"date":"2019-03-14T02:53:53","date_gmt":"2019-03-14T02:53:53","guid":{"rendered":"http:\/\/daibrasil.com.br\/wordpress\/?page_id=3160"},"modified":"2023-07-10T14:43:12","modified_gmt":"2023-07-10T17:43:12","slug":"home","status":"publish","type":"page","link":"https:\/\/atm24h.com.br\/es\/","title":{"rendered":"Home"},"content":{"rendered":"<p>[vc_row text_parallax_offset=\u00bb200px\u00bb animation_delay=\u00bb300&#8243;][vc_column]\n\n<div class=\"wd_empty_space\" data-heightmobile=\"0\" data-heighttablet=\"0\" data-heightdesktop=\"80\">\n\n<\/div>\n      \n\n\n\n        \n      \n    [rev_slider_vc alias=\u00bbslider_home\u00bb][vc_row_inner][vc_column_inner]\n\n<div class=\"wd_empty_space\" data-heightmobile=\"30\" data-heighttablet=\"50\" data-heightdesktop=\"91\">\n\n<\/div>\n      \n\n\n\n        \n      \n    \t<div class=\"wd-heading text-center  animated  \" style=\"max-width: 100%\" data-animated=fadeInUp>\n\t\t\n\t\t\t\n\t\t\t<h3 style=\"margin:0;\" class=\"title_b\">\n\t\t\tRetiros en reales y consultas de saldo, las 24 horas, los 365 d\u00edas del a\u00f1o\t\t\t<\/h3>\n\n\t\t\t<hr class='hr_b' style=' margin: 10px;border-bottom-style: solid;border-bottom-color: #ffffff;border-bottom-width: 20px;'\/>\t\t\t\t\t\t\t<h4 style=\"font-weight:300;line-height:25px;\" class=\"sub_title_b\">\n\t\t\t\tTarjetas Mastercard y Visa nacionales e internacionales\t\t\t\t<\/h4>\n\t\t\t\t\t\t\n\t\t\t\t<\/div>\n\n\t\t\n\n<div class=\"wd_empty_space\" data-heightmobile=\"20\" data-heighttablet=\"30\" data-heightdesktop=\"30\">\n\n<\/div>\n      \n\n\n\n        \n      \n    [\/vc_column_inner][\/vc_row_inner][vc_row_inner][vc_column_inner width=\u00bb1\/3&#8243;]\n\n<div class=\"wd_empty_space\" data-heightmobile=\"20\" data-heighttablet=\"20\" data-heightdesktop=\"50\">\n\n<\/div>\n      \n\n\n\n        \n      \n        \n    <div  class=\" vc_custom_1689010966627 large-shadow text-icon text-icon--icon-top_position animated  boxes  clearfix\"  data-animated=fadeInUp>\n      <div class=\"text-icon__container  left \">\n        <div class=\"text-icon__icon-box\">\n                        <img decoding=\"async\"  src=\"https:\/\/atm24h.com.br\/es\/wp-content\/uploads\/2023\/06\/BRA.png\" alt='icon' \/>\n                  <\/div>\n        <div class=\"text-icon__content-box\">\n          <h4 class=\"text-icon__title\">\n                                <a href=\"https:\/\/atm24h.com.br\/es\/servicios\/\">Retiros para brasile\u00f1os<\/a>\n                            <\/h4>\n          <p class=\"text-icon__text\">En los cajeros autom\u00e1ticos las 24 horas, utilizando tarjetas de d\u00e9bito y cr\u00e9dito Mastercard y Visa, en cualquier momento del d\u00eda, en todo el territorio nacional, los brasile\u00f1os pueden realizar retiros y consultas de saldo. Contamos con una amplia red de Bancos Nacionales aliados, ofreci\u00e9ndote el servicio que buscas.<\/p>\n        <\/div>\n      <\/div>    \n    <\/div>\n\n    [\/vc_column_inner][vc_column_inner width=\u00bb1\/3&#8243;]\n\n<div class=\"wd_empty_space\" data-heightmobile=\"20\" data-heighttablet=\"20\" data-heightdesktop=\"50\">\n\n<\/div>\n      \n\n\n\n        \n      \n        \n    <div  class=\" vc_custom_1689010972667 large-shadow text-icon text-icon--icon-top_position animated  boxes  clearfix\"  data-animated=fadeInUp>\n      <div class=\"text-icon__container  left \">\n        <div class=\"text-icon__icon-box\">\n                        <img decoding=\"async\"  src=\"https:\/\/atm24h.com.br\/es\/wp-content\/uploads\/2023\/06\/GLOBAL.png\" alt='icon' \/>\n                  <\/div>\n        <div class=\"text-icon__content-box\">\n          <h4 class=\"text-icon__title\">\n                                <a href=\"https:\/\/atm24h.com.br\/es\/servicios\/\">Retiros para extranjeros con tarjetas internacionales<\/a>\n                            <\/h4>\n          <p class=\"text-icon__text\">En Brasil, muchos lugares solo aceptan efectivo para compras peque\u00f1as y servicios de bar y restaurante. Con eso en mente, ATM24h ofrece un servicio de retiro r\u00e1pido y seguro a los turistas, en Reales, utilizando tarjetas de d\u00e9bito y cr\u00e9dito internacionales y nacionales, Mastercard y Visa.<\/p>\n        <\/div>\n      <\/div>    \n    <\/div>\n\n    [\/vc_column_inner][vc_column_inner width=\u00bb1\/3&#8243;]\n\n<div class=\"wd_empty_space\" data-heightmobile=\"20\" data-heighttablet=\"20\" data-heightdesktop=\"50\">\n\n<\/div>\n      \n\n\n\n        \n      \n        \n    <div  class=\" vc_custom_1689010978619 large-shadow text-icon text-icon--icon-top_position animated  boxes  clearfix\"  data-animated=fadeInUp>\n      <div class=\"text-icon__container  left \">\n        <div class=\"text-icon__icon-box\">\n                        <img decoding=\"async\"  src=\"https:\/\/atm24h.com.br\/es\/wp-content\/uploads\/2023\/06\/seguranca.png\" alt='icon' \/>\n                  <\/div>\n        <div class=\"text-icon__content-box\">\n          <h4 class=\"text-icon__title\">\n                                <a href=\"https:\/\/atm24h.com.br\/es\/servicios\/\">Seguridad total<\/a>\n                            <\/h4>\n          <p class=\"text-icon__text\">Los cajeros ATM24h est\u00e1n ubicados en espacios exclusivos como Aeropuertos y Hoteles; ofreciendo comodidad y seguridad a los clientes. Nuestra red est\u00e1 certificada por Visa y Mastercard y utiliza los m\u00e1s altos est\u00e1ndares de seguridad y encriptaci\u00f3n; asegurando la inviolabilidad de la informaci\u00f3n del usuario.<\/p>\n        <\/div>\n      <\/div>    \n    <\/div>\n\n    [\/vc_column_inner][\/vc_row_inner][\/vc_column][\/vc_row][vc_row animation_delay=\u00bb300&#8243;][vc_column]\n\n<div class=\"wd_empty_space\" data-heightmobile=\"30\" data-heighttablet=\"50\" data-heightdesktop=\"91\">\n\n<\/div>\n      \n\n\n\n        \n      \n    \t<div class=\"wd-heading text-center  animated  \" style=\"max-width: 100%\" data-animated=fadeInUp>\n\t\t\n\t\t\t<h3 style=\"margin:0;\" class=\"title_a\">\n\t\t\tPrincipales clientes\t\t\t<\/h3>\n\n\t\t\t\t\t<\/div>\n\n\t\t\n\n<div class=\"wd_empty_space\" data-heightmobile=\"30\" data-heighttablet=\"50\" data-heightdesktop=\"80\">\n\n<\/div>\n      \n\n\n\n        \n      \n    \t\n\t\t<div  class=\"wd-clients-carousel nav_arrow\" data-clientshow = \"4\">\n\n\t\t\t\t\t\t\t\t\t\t\t<div class=\"wd-clients-carousel-item  animated \"  data-animated=fadeInUp>\n\t\t\t\t\t<img loading=\"lazy\" decoding=\"async\"  class=\"\" src=\"https:\/\/atm24h.com.br\/es\/wp-content\/uploads\/2023\/06\/GALE-2-150x105.png\" width=\"150\" height=\"105\" alt=\"\">\n\t\t\t\t<\/div>\n\t\t\t\t\t\t\t\t\t\t\t\t<div class=\"wd-clients-carousel-item  animated \"  data-animated=fadeInUp>\n\t\t\t\t\t<img loading=\"lazy\" decoding=\"async\"  class=\"\" src=\"https:\/\/atm24h.com.br\/es\/wp-content\/uploads\/2023\/06\/GRU-2-150x105.png\" width=\"150\" height=\"105\" alt=\"\">\n\t\t\t\t<\/div>\n\t\t\t\t\t\t\t\t\t\t\t\t<div class=\"wd-clients-carousel-item  animated \"  data-animated=fadeInUp>\n\t\t\t\t\t<img loading=\"lazy\" decoding=\"async\"  class=\"\" src=\"https:\/\/atm24h.com.br\/es\/wp-content\/uploads\/2023\/06\/MET-2-150x105.png\" width=\"150\" height=\"105\" alt=\"\">\n\t\t\t\t<\/div>\n\t\t\t\t\t\t\t\t\t\t\t\t<div class=\"wd-clients-carousel-item  animated \"  data-animated=fadeInUp>\n\t\t\t\t\t<img loading=\"lazy\" decoding=\"async\"  class=\"\" src=\"https:\/\/atm24h.com.br\/es\/wp-content\/uploads\/2023\/06\/ACCOR-150x105.png\" width=\"150\" height=\"105\" alt=\"\">\n\t\t\t\t<\/div>\n\t\t\t\t\t\t\t\t\t\t\t\t<div class=\"wd-clients-carousel-item  animated \"  data-animated=fadeInUp>\n\t\t\t\t\t<img loading=\"lazy\" decoding=\"async\"  class=\"\" src=\"https:\/\/atm24h.com.br\/es\/wp-content\/uploads\/2023\/06\/TANGARA-150x105.png\" width=\"150\" height=\"105\" alt=\"\">\n\t\t\t\t<\/div>\n\t\t\t\t\n\t\t<\/div>\n\t\t\n\n<div class=\"wd_empty_space\" data-heightmobile=\"15\" data-heighttablet=\"15\" data-heightdesktop=\"50\">\n\n<\/div>\n      \n\n\n\n        \n      \n    [vc_btn title=\u00bbVER TODO\u00bb style=\u00bbgradient-custom\u00bb gradient_custom_color_1=\u00bb#335cff\u00bb gradient_custom_color_2=\u00bb#3a46d1&#8243; align=\u00bbcenter\u00bb link=\u00bburl:https%3A%2F%2Fatm24h.com.br%2Fes%2Fclientes%2F|title:Clientes\u00bb]\n\n<div class=\"wd_empty_space\" data-heightmobile=\"50\" data-heighttablet=\"50\" data-heightdesktop=\"100\">\n\n<\/div>\n      \n\n\n\n        \n      \n    [\/vc_column][\/vc_row]<\/p>\n","protected":false},"excerpt":{"rendered":"<p>[vc_row text_parallax_offset=\u00bb200px\u00bb animation_delay=\u00bb300&#8243;][vc_column][rev_slider_vc alias=\u00bbslider_home\u00bb][vc_row_inner][vc_column_inner][\/vc_column_inner][\/vc_row_inner][vc_row_inner][vc_column_inner width=\u00bb1\/3&#8243;][\/vc_column_inner][vc_column_inner width=\u00bb1\/3&#8243;][\/vc_column_inner][vc_column_inner width=\u00bb1\/3&#8243;][\/vc_column_inner][\/vc_row_inner][\/vc_column][\/vc_row][vc_row animation_delay=\u00bb300&#8243;][vc_column][vc_btn title=\u00bbVER TODO\u00bb style=\u00bbgradient-custom\u00bb gradient_custom_color_1=\u00bb#335cff\u00bb gradient_custom_color_2=\u00bb#3a46d1&#8243; align=\u00bbcenter\u00bb link=\u00bburl:https%3A%2F%2Fatm24h.com.br%2Fes%2Fclientes%2F|title:Clientes\u00bb][\/vc_column][\/vc_row]<\/p>\n","protected":false},"author":1,"featured_media":0,"parent":0,"menu_order":0,"comment_status":"closed","ping_status":"closed","template":"","meta":{"footnotes":""},"class_list":["post-3160","page","type-page","status-publish","hentry"],"yoast_head":"<!-- This site is optimized with the Yoast SEO plugin v26.0 - https:\/\/yoast.com\/wordpress\/plugins\/seo\/ -->\n<title>Home - ATM24h<\/title>\n<meta name=\"robots\" content=\"index, follow, max-snippet:-1, max-image-preview:large, max-video-preview:-1\" \/>\n<link rel=\"canonical\" href=\"https:\/\/atm24h.com.br\/es\/\" \/>\n<meta property=\"og:locale\" content=\"es_ES\" \/>\n<meta property=\"og:type\" content=\"article\" \/>\n<meta property=\"og:title\" content=\"Home - ATM24h\" \/>\n<meta property=\"og:description\" content=\"[vc_row text_parallax_offset=\u00bb200px\u00bb animation_delay=\u00bb300&#8243;][vc_column][rev_slider_vc alias=\u00bbslider_home\u00bb][vc_row_inner][vc_column_inner][\/vc_column_inner][\/vc_row_inner][vc_row_inner][vc_column_inner width=\u00bb1\/3&#8243;][\/vc_column_inner][vc_column_inner width=\u00bb1\/3&#8243;][\/vc_column_inner][vc_column_inner width=\u00bb1\/3&#8243;][\/vc_column_inner][\/vc_row_inner][\/vc_column][\/vc_row][vc_row animation_delay=\u00bb300&#8243;][vc_column][vc_btn title=\u00bbVER TODO\u00bb style=\u00bbgradient-custom\u00bb gradient_custom_color_1=\u00bb#335cff\u00bb gradient_custom_color_2=\u00bb#3a46d1&#8243; align=\u00bbcenter\u00bb link=\u00bburl:https%3A%2F%2Fatm24h.com.br%2Fes%2Fclientes%2F|title:Clientes\u00bb][\/vc_column][\/vc_row]\" \/>\n<meta property=\"og:url\" content=\"https:\/\/atm24h.com.br\/es\/\" \/>\n<meta property=\"og:site_name\" content=\"ATM24h\" \/>\n<meta property=\"article:modified_time\" content=\"2023-07-10T17:43:12+00:00\" \/>\n<meta name=\"twitter:card\" content=\"summary_large_image\" \/>\n<meta name=\"twitter:label1\" content=\"Tiempo de lectura\" \/>\n\t<meta name=\"twitter:data1\" content=\"2 minutos\" \/>\n<script type=\"application\/ld+json\" class=\"yoast-schema-graph\">{\"@context\":\"https:\/\/schema.org\",\"@graph\":[{\"@type\":\"WebPage\",\"@id\":\"https:\/\/atm24h.com.br\/es\/\",\"url\":\"https:\/\/atm24h.com.br\/es\/\",\"name\":\"Home - ATM24h\",\"isPartOf\":{\"@id\":\"https:\/\/atm24h.com.br\/es\/#website\"},\"datePublished\":\"2019-03-14T02:53:53+00:00\",\"dateModified\":\"2023-07-10T17:43:12+00:00\",\"breadcrumb\":{\"@id\":\"https:\/\/atm24h.com.br\/es\/#breadcrumb\"},\"inLanguage\":\"es\",\"potentialAction\":[{\"@type\":\"ReadAction\",\"target\":[\"https:\/\/atm24h.com.br\/es\/\"]}]},{\"@type\":\"BreadcrumbList\",\"@id\":\"https:\/\/atm24h.com.br\/es\/#breadcrumb\",\"itemListElement\":[{\"@type\":\"ListItem\",\"position\":1,\"name\":\"Portada\",\"item\":\"https:\/\/atm24h.com.br\/es\/\"},{\"@type\":\"ListItem\",\"position\":2,\"name\":\"Home\"}]},{\"@type\":\"WebSite\",\"@id\":\"https:\/\/atm24h.com.br\/es\/#website\",\"url\":\"https:\/\/atm24h.com.br\/es\/\",\"name\":\"ATM24h\",\"description\":\"\",\"publisher\":{\"@id\":\"https:\/\/atm24h.com.br\/es\/#organization\"},\"alternateName\":\"ATM24h\",\"potentialAction\":[{\"@type\":\"SearchAction\",\"target\":{\"@type\":\"EntryPoint\",\"urlTemplate\":\"https:\/\/atm24h.com.br\/es\/?s={search_term_string}\"},\"query-input\":{\"@type\":\"PropertyValueSpecification\",\"valueRequired\":true,\"valueName\":\"search_term_string\"}}],\"inLanguage\":\"es\"},{\"@type\":\"Organization\",\"@id\":\"https:\/\/atm24h.com.br\/es\/#organization\",\"name\":\"ATM24h\",\"url\":\"https:\/\/atm24h.com.br\/es\/\",\"logo\":{\"@type\":\"ImageObject\",\"inLanguage\":\"es\",\"@id\":\"https:\/\/atm24h.com.br\/es\/#\/schema\/logo\/image\/\",\"url\":\"https:\/\/atm24h.com.br\/es\/wp-content\/uploads\/2023\/07\/LOGO-MONO.png\",\"contentUrl\":\"https:\/\/atm24h.com.br\/es\/wp-content\/uploads\/2023\/07\/LOGO-MONO.png\",\"width\":1327,\"height\":304,\"caption\":\"ATM24h\"},\"image\":{\"@id\":\"https:\/\/atm24h.com.br\/es\/#\/schema\/logo\/image\/\"}}]}<\/script>\n<!-- \/ Yoast SEO plugin. -->","yoast_head_json":{"title":"Home - ATM24h","robots":{"index":"index","follow":"follow","max-snippet":"max-snippet:-1","max-image-preview":"max-image-preview:large","max-video-preview":"max-video-preview:-1"},"canonical":"https:\/\/atm24h.com.br\/es\/","og_locale":"es_ES","og_type":"article","og_title":"Home - ATM24h","og_description":"[vc_row text_parallax_offset=\u00bb200px\u00bb animation_delay=\u00bb300&#8243;][vc_column][rev_slider_vc alias=\u00bbslider_home\u00bb][vc_row_inner][vc_column_inner][\/vc_column_inner][\/vc_row_inner][vc_row_inner][vc_column_inner width=\u00bb1\/3&#8243;][\/vc_column_inner][vc_column_inner width=\u00bb1\/3&#8243;][\/vc_column_inner][vc_column_inner width=\u00bb1\/3&#8243;][\/vc_column_inner][\/vc_row_inner][\/vc_column][\/vc_row][vc_row animation_delay=\u00bb300&#8243;][vc_column][vc_btn title=\u00bbVER TODO\u00bb style=\u00bbgradient-custom\u00bb gradient_custom_color_1=\u00bb#335cff\u00bb gradient_custom_color_2=\u00bb#3a46d1&#8243; align=\u00bbcenter\u00bb link=\u00bburl:https%3A%2F%2Fatm24h.com.br%2Fes%2Fclientes%2F|title:Clientes\u00bb][\/vc_column][\/vc_row]","og_url":"https:\/\/atm24h.com.br\/es\/","og_site_name":"ATM24h","article_modified_time":"2023-07-10T17:43:12+00:00","twitter_card":"summary_large_image","twitter_misc":{"Tiempo de lectura":"2 minutos"},"schema":{"@context":"https:\/\/schema.org","@graph":[{"@type":"WebPage","@id":"https:\/\/atm24h.com.br\/es\/","url":"https:\/\/atm24h.com.br\/es\/","name":"Home - ATM24h","isPartOf":{"@id":"https:\/\/atm24h.com.br\/es\/#website"},"datePublished":"2019-03-14T02:53:53+00:00","dateModified":"2023-07-10T17:43:12+00:00","breadcrumb":{"@id":"https:\/\/atm24h.com.br\/es\/#breadcrumb"},"inLanguage":"es","potentialAction":[{"@type":"ReadAction","target":["https:\/\/atm24h.com.br\/es\/"]}]},{"@type":"BreadcrumbList","@id":"https:\/\/atm24h.com.br\/es\/#breadcrumb","itemListElement":[{"@type":"ListItem","position":1,"name":"Portada","item":"https:\/\/atm24h.com.br\/es\/"},{"@type":"ListItem","position":2,"name":"Home"}]},{"@type":"WebSite","@id":"https:\/\/atm24h.com.br\/es\/#website","url":"https:\/\/atm24h.com.br\/es\/","name":"ATM24h","description":"","publisher":{"@id":"https:\/\/atm24h.com.br\/es\/#organization"},"alternateName":"ATM24h","potentialAction":[{"@type":"SearchAction","target":{"@type":"EntryPoint","urlTemplate":"https:\/\/atm24h.com.br\/es\/?s={search_term_string}"},"query-input":{"@type":"PropertyValueSpecification","valueRequired":true,"valueName":"search_term_string"}}],"inLanguage":"es"},{"@type":"Organization","@id":"https:\/\/atm24h.com.br\/es\/#organization","name":"ATM24h","url":"https:\/\/atm24h.com.br\/es\/","logo":{"@type":"ImageObject","inLanguage":"es","@id":"https:\/\/atm24h.com.br\/es\/#\/schema\/logo\/image\/","url":"https:\/\/atm24h.com.br\/es\/wp-content\/uploads\/2023\/07\/LOGO-MONO.png","contentUrl":"https:\/\/atm24h.com.br\/es\/wp-content\/uploads\/2023\/07\/LOGO-MONO.png","width":1327,"height":304,"caption":"ATM24h"},"image":{"@id":"https:\/\/atm24h.com.br\/es\/#\/schema\/logo\/image\/"}}]}},"_links":{"self":[{"href":"https:\/\/atm24h.com.br\/es\/wp-json\/wp\/v2\/pages\/3160","targetHints":{"allow":["GET"]}}],"collection":[{"href":"https:\/\/atm24h.com.br\/es\/wp-json\/wp\/v2\/pages"}],"about":[{"href":"https:\/\/atm24h.com.br\/es\/wp-json\/wp\/v2\/types\/page"}],"author":[{"embeddable":true,"href":"https:\/\/atm24h.com.br\/es\/wp-json\/wp\/v2\/users\/1"}],"replies":[{"embeddable":true,"href":"https:\/\/atm24h.com.br\/es\/wp-json\/wp\/v2\/comments?post=3160"}],"version-history":[{"count":1,"href":"https:\/\/atm24h.com.br\/es\/wp-json\/wp\/v2\/pages\/3160\/revisions"}],"predecessor-version":[{"id":4522,"href":"https:\/\/atm24h.com.br\/es\/wp-json\/wp\/v2\/pages\/3160\/revisions\/4522"}],"wp:attachment":[{"href":"https:\/\/atm24h.com.br\/es\/wp-json\/wp\/v2\/media?parent=3160"}],"curies":[{"name":"wp","href":"https:\/\/api.w.org\/{rel}","templated":true}]}}