{"id":3419,"date":"2019-05-07T20:20:44","date_gmt":"2019-05-07T23:20:44","guid":{"rendered":"http:\/\/daibrasil.com.br\/wordpress\/?page_id=3419"},"modified":"2019-05-07T20:20:44","modified_gmt":"2019-05-07T23:20:44","slug":"servicios","status":"publish","type":"page","link":"https:\/\/atm24h.com.br\/es\/servicios\/","title":{"rendered":"Servicios"},"content":{"rendered":"<p>[vc_row][vc_column width=\u00bb1\/6&#8243;][\/vc_column][vc_column width=\u00bb2\/3&#8243;]\n\n<div class=\"wd_empty_space\" data-heightmobile=\"0\" data-heighttablet=\"0\" data-heightdesktop=\"80\">\n\n<\/div>\n      \n\n\n\n        \n      \n    \n\n<div class=\"wd_empty_space\" data-heightmobile=\"40\" data-heighttablet=\"40\" data-heightdesktop=\"122\">\n\n<\/div>\n      \n\n\n\n        \n      \n    \t<div class=\"wd-heading text-center  animated  \" style=\"max-width: 100%\" data-animated=fadeInUp>\n\t\t\n\t\t\t\n\t\t\t<h1 style=\"margin:0;\" class=\"title_b\">\n\t\t\tServicios ATM24h\t\t\t<\/h1>\n\n\t\t\t<hr class='hr_b' style=' margin: 10px;border-bottom-style: solid;width: 20px;border-bottom-color: #ffffff;'\/>\t\t\t\t\t\t\t<p style=\"font-weight:300;line-height:25px;\" class=\"sub_title_b\">\n\t\t\t\tComodidad y seguridad para retiros de BRL en cajeros autom\u00e1ticos en Brasil, con tarjetas nacionales e internacionales\t\t\t\t<\/p>\n\t\t\t\t\t\t\n\t\t\t\t<\/div>\n\n\t\t\n\n<div class=\"wd_empty_space\" data-heightmobile=\"30\" data-heighttablet=\"30\" data-heightdesktop=\"100\">\n\n<\/div>\n      \n\n\n\n        \n      \n    [\/vc_column][vc_column width=\u00bb1\/6&#8243;][\/vc_column][\/vc_row][vc_row animation_delay=\u00bb300&#8243;][vc_column][vc_row_inner][vc_column_inner width=\u00bb1\/3&#8243;][vc_single_image image=\u00bb4325&#8243; img_size=\u00bbfull\u00bb]\t<div class=\"wd-heading text-center  animated  \" style=\"max-width: 100%\" data-animated=fadeInUp>\n\t\t\n\t\t\t\n\t\t\t<h4 style=\"margin:0;\" class=\"title_c\">\n\t\t\tRetiros para brasile\u00f1os\t\t\t<\/h4>\n\n\t\t\t<hr class='hr_c' style=' margin: 30px 0 0 0;border-bottom-color: rgba(255,255,255,0.01);'\/>\t\t\t\t\t\t\t<h4 style=\"\" class=\"sub_title_c\">\n\t\t\t\tEn los cajeros autom\u00e1ticos ATM24h, utilizando tarjetas de d\u00e9bito y cr\u00e9dito Mastercard y Visa, en cualquier momento del d\u00eda, en todo el territorio nacional, los brasile\u00f1os pueden realizar retiros y consultas de saldo. Contamos con una amplia red de Bancos Nacionales aliados, ofreci\u00e9ndote el servicio que buscas.\t\t\t\t<\/h4>\n\t\t\t\t\t\t\n\t\t\t\t<\/div>\n\n\t\t[\/vc_column_inner][vc_column_inner width=\u00bb1\/3&#8243;][vc_single_image image=\u00bb4324&#8243; img_size=\u00bbfull\u00bb]\t<div class=\"wd-heading text-center  animated  \" style=\"max-width: 100%\" data-animated=fadeInUp>\n\t\t\n\t\t\t\n\t\t\t<h4 style=\"margin:0;\" class=\"title_c\">\n\t\t\tRetiros para extranjeros con tarjetas internacionales\t\t\t<\/h4>\n\n\t\t\t<hr class='hr_c' style=' margin: 30px 0 0 0;border-bottom-color: rgba(255,255,255,0.01);'\/>\t\t\t\t\t\t\t<h4 style=\"\" class=\"sub_title_c\">\n\t\t\t\tEn Brasil, muchos lugares solo aceptan efectivo para compras peque\u00f1as y servicios de bar y restaurante. Con eso en mente, ATM24h ofrece un servicio de retiro r\u00e1pido y seguro a los turistas, en Reales, utilizando tarjetas de d\u00e9bito y cr\u00e9dito internacionales y nacionales, Mastercard y Visa.\t\t\t\t<\/h4>\n\t\t\t\t\t\t\n\t\t\t\t<\/div>\n\n\t\t[\/vc_column_inner][vc_column_inner width=\u00bb1\/3&#8243;][vc_single_image image=\u00bb4323&#8243; img_size=\u00bbfull\u00bb]\t<div class=\"wd-heading text-center  animated  \" style=\"max-width: 100%\" data-animated=fadeInUp>\n\t\t\n\t\t\t\n\t\t\t<h4 style=\"margin:0;\" class=\"title_c\">\n\t\t\tSeguridad total\t\t\t<\/h4>\n\n\t\t\t<hr class='hr_c' style=' margin: 30px 0 0 0;border-bottom-color: rgba(255,255,255,0.01);'\/>\t\t\t\t\t\t\t<h4 style=\"\" class=\"sub_title_c\">\n\t\t\t\tLos cajeros ATM24h est\u00e1n ubicados en espacios exclusivos como Aeropuertos y Hoteles; ofreciendo comodidad y seguridad a los clientes. Nuestra red est\u00e1 certificada por Visa y Mastercard y utiliza los m\u00e1s altos est\u00e1ndares de seguridad y encriptaci\u00f3n; asegurando la inviolabilidad de la informaci\u00f3n del usuario.\t\t\t\t<\/h4>\n\t\t\t\t\t\t\n\t\t\t\t<\/div>\n\n\t\t[\/vc_column_inner][\/vc_row_inner][\/vc_column][\/vc_row][vc_row][vc_column]\n\n<div class=\"wd_empty_space\" data-heightmobile=\"40\" data-heighttablet=\"40\" data-heightdesktop=\"122\">\n\n<\/div>\n      \n\n\n\n        \n      \n    \t<div class=\"wd-heading text-center  animated  \" style=\"max-width: 100%\" data-animated=fadeInUp>\n\t\t\n\t\t\t\n\t\t\t<h3 style=\"margin:0;\" class=\"title_c\">\n\t\t\t\u00bfInteresado en tener un cajero autom\u00e1tico 24h en su establecimiento?\t\t\t<\/h3>\n\n\t\t\t<hr class='hr_c' style=' margin: 30px 0 0 0;border-bottom-color: rgba(255,255,255,0.01);'\/>\t\t\t\t\t\t\t<h4 style=\"\" class=\"sub_title_c\">\n\t\t\t\tVea a continuaci\u00f3n los beneficios y la lista de servicios que ofrecemos para que su negocio sea a\u00fan m\u00e1s atractivo para sus clientes.\t\t\t\t<\/h4>\n\t\t\t\t\t\t\n\t\t\t\t<\/div>\n\n\t\t[vc_row_inner][vc_column_inner width=\u00bb1\/2&#8243;]\n\n<div class=\"wd_empty_space\" data-heightmobile=\"30\" data-heighttablet=\"30\" data-heightdesktop=\"60\">\n\n<\/div>\n      \n\n\n\n        \n      \n    [vc_column_text]<\/p>\n<h4 style=\"text-align: center;\">Beneficios de tener un cajero autom\u00e1tico 24h en tu establecimiento<\/h4>\n<p style=\"text-align: center;\">Servicio adicional para su establecimiento sin costo (Add-on)<\/p>\n<p style=\"text-align: center;\">Aumenta el n\u00famero de clientes, resultando en mayor movimiento y tr\u00e1fico hacia tu establecimiento<\/p>\n<p style=\"text-align: center;\">No requiere inversi\u00f3n. ATM24h corre con todos los gastos de instalaci\u00f3n y funcionamiento de los cajeros<\/p>\n<p>[\/vc_column_text][\/vc_column_inner][vc_column_inner width=\u00bb1\/2&#8243;]\n\n<div class=\"wd_empty_space\" data-heightmobile=\"30\" data-heighttablet=\"30\" data-heightdesktop=\"60\">\n\n<\/div>\n      \n\n\n\n        \n      \n    [vc_column_text]<\/p>\n<h4 style=\"text-align: center;\">Ofrecemos a nuestros clientes<\/h4>\n<p style=\"text-align: center;\">Servicio 24h, 7 d\u00edas a la semana, 365 d\u00edas al a\u00f1o con tarjetas Mastercard y Visa<\/p>\n<p style=\"text-align: center;\">Instalaci\u00f3n, mantenimiento y seguimiento continuo de los cajeros con equipo especializado<\/p>\n<p style=\"text-align: center;\">Atenci\u00f3n a establecimientos y usuarios a trav\u00e9s de nuestro call center<\/p>\n<p>[\/vc_column_text][\/vc_column_inner][\/vc_row_inner][\/vc_column][\/vc_row][vc_row][vc_column]\n\n<div class=\"wd_empty_space\" data-heightmobile=\"40\" data-heighttablet=\"40\" data-heightdesktop=\"122\">\n\n<\/div>\n      \n\n\n\n        \n      \n    \t<div class=\"wd-heading text-center  animated  \" style=\"max-width: 100%\" data-animated=fadeInUp>\n\t\t\n\t\t\t\n\t\t\t<h3 style=\"margin:0;\" class=\"title_c\">\n\t\t\tSolicita ahora mismo un cajero ATM24h para tu establecimiento\t\t\t<\/h3>\n\n\t\t\t<hr class='hr_c' style=' margin: 30px 0 0 0;border-bottom-color: rgba(255,255,255,0.01);'\/>\t\t\t\t\t\t\t<h4 style=\"\" class=\"sub_title_c\">\n\t\t\t\tRellene el siguiente formulario con los datos solicitados y nos pondremos en contacto con usted con m\u00e1s informaci\u00f3n.\t\t\t\t<\/h4>\n\t\t\t\t\t\t\n\t\t\t\t<\/div>\n\n\t\t\n\n<div class=\"wd_empty_space\" data-heightmobile=\"30\" data-heighttablet=\"30\" data-heightdesktop=\"90\">\n\n<\/div>\n      \n\n\n\n        \n      \n    \n<div class=\"wpcf7 no-js\" id=\"wpcf7-f1476-o1\" lang=\"en-US\" dir=\"ltr\" data-wpcf7-id=\"1476\">\n<div class=\"screen-reader-response\"><p role=\"status\" aria-live=\"polite\" aria-atomic=\"true\"><\/p> <ul><\/ul><\/div>\n<form action=\"\/es\/wp-json\/wp\/v2\/pages\/3419#wpcf7-f1476-o1\" method=\"post\" class=\"wpcf7-form init\" aria-label=\"Contact form\" novalidate=\"novalidate\" data-status=\"init\">\n<fieldset class=\"hidden-fields-container\"><input type=\"hidden\" name=\"_wpcf7\" value=\"1476\" \/><input type=\"hidden\" name=\"_wpcf7_version\" value=\"6.1.2\" \/><input type=\"hidden\" name=\"_wpcf7_locale\" value=\"en_US\" \/><input type=\"hidden\" name=\"_wpcf7_unit_tag\" value=\"wpcf7-f1476-o1\" \/><input type=\"hidden\" name=\"_wpcf7_container_post\" value=\"0\" \/><input type=\"hidden\" name=\"_wpcf7_posted_data_hash\" value=\"\" \/>\n<\/fieldset>\n<div class=\"row contact_style_4 animated\" data-animated=\"fadeInUp\">\n\t<div class=\"large-12 small-12 columns\">\n\t\t<p><span class=\"wpcf7-form-control-wrap\" data-name=\"your-name\"><input size=\"40\" maxlength=\"400\" class=\"wpcf7-form-control wpcf7-text wpcf7-validates-as-required\" aria-required=\"true\" aria-invalid=\"false\" placeholder=\"Nombre completo\" value=\"\" type=\"text\" name=\"your-name\" \/><\/span>\n\t\t<\/p>\n\t<\/div>\n\t<div class=\"large-12 small-12 columns\">\n\t\t<p><span class=\"wpcf7-form-control-wrap\" data-name=\"text-701\"><input size=\"40\" maxlength=\"400\" class=\"wpcf7-form-control wpcf7-text wpcf7-validates-as-required\" aria-required=\"true\" aria-invalid=\"false\" placeholder=\"Empresa\" value=\"\" type=\"text\" name=\"text-701\" \/><\/span>\n\t\t<\/p>\n\t<\/div>\n\t<div class=\"large-6 small-12 columns\">\n\t\t<p><span class=\"wpcf7-form-control-wrap\" data-name=\"your-email\"><input size=\"40\" maxlength=\"400\" class=\"wpcf7-form-control wpcf7-email wpcf7-validates-as-required wpcf7-text wpcf7-validates-as-email\" aria-required=\"true\" aria-invalid=\"false\" placeholder=\"E-mail\" value=\"\" type=\"email\" name=\"your-email\" \/><\/span>\n\t\t<\/p>\n\t<\/div>\n\t<div class=\"large-6 small-12 columns\">\n\t\t<p><span class=\"wpcf7-form-control-wrap\" data-name=\"your-phone\"><input size=\"40\" maxlength=\"400\" class=\"wpcf7-form-control wpcf7-text wpcf7-validates-as-required\" aria-required=\"true\" aria-invalid=\"false\" placeholder=\"Tel\u00e9fono\" value=\"\" type=\"text\" name=\"your-phone\" \/><\/span>\n\t\t<\/p>\n\t<\/div>\n\t<div class=\"large-12 small-12 columns text-center\">\n\t\t<p><input class=\"wpcf7-form-control wpcf7-submit has-spinner\" type=\"submit\" value=\"Solicitar un ATM24h\" \/>\n\t\t<\/p>\n\t<\/div>\n<\/div><p style=\"display: none !important;\" class=\"akismet-fields-container\" data-prefix=\"_wpcf7_ak_\"><label>&#916;<textarea name=\"_wpcf7_ak_hp_textarea\" cols=\"45\" rows=\"8\" maxlength=\"100\"><\/textarea><\/label><input type=\"hidden\" id=\"ak_js_1\" name=\"_wpcf7_ak_js\" value=\"239\"\/><script>document.getElementById( \"ak_js_1\" ).setAttribute( \"value\", ( new Date() ).getTime() );<\/script><\/p><div class=\"wpcf7-response-output\" aria-hidden=\"true\"><\/div>\n<\/form>\n<\/div>\n\n\n<div class=\"wd_empty_space\" data-heightmobile=\"50\" data-heighttablet=\"50\" data-heightdesktop=\"100\">\n\n<\/div>\n      \n\n\n\n        \n      \n    [\/vc_column][\/vc_row]<\/p>\n","protected":false},"excerpt":{"rendered":"<p>[vc_row][vc_column width=\u00bb1\/6&#8243;][\/vc_column][vc_column width=\u00bb2\/3&#8243;][\/vc_column][vc_column width=\u00bb1\/6&#8243;][\/vc_column][\/vc_row][vc_row animation_delay=\u00bb300&#8243;][vc_column][vc_row_inner][vc_column_inner width=\u00bb1\/3&#8243;][vc_single_image image=\u00bb4325&#8243; img_size=\u00bbfull\u00bb][\/vc_column_inner][vc_column_inner width=\u00bb1\/3&#8243;][vc_single_image image=\u00bb4324&#8243; img_size=\u00bbfull\u00bb][\/vc_column_inner][vc_column_inner width=\u00bb1\/3&#8243;][vc_single_image image=\u00bb4323&#8243; img_size=\u00bbfull\u00bb][\/vc_column_inner][\/vc_row_inner][\/vc_column][\/vc_row][vc_row][vc_column][vc_row_inner][vc_column_inner width=\u00bb1\/2&#8243;][vc_column_text] Beneficios de tener un cajero autom\u00e1tico 24h en tu establecimiento Servicio adicional para su establecimiento sin costo (Add-on) Aumenta el n\u00famero de clientes, resultando en mayor movimiento y tr\u00e1fico hacia tu establecimiento No requiere inversi\u00f3n. ATM24h corre con todos los [&hellip;]<\/p>\n","protected":false},"author":1,"featured_media":0,"parent":0,"menu_order":0,"comment_status":"closed","ping_status":"closed","template":"","meta":{"footnotes":""},"class_list":["post-3419","page","type-page","status-publish","hentry"],"yoast_head":"<!-- This site is optimized with the Yoast SEO plugin v26.0 - https:\/\/yoast.com\/wordpress\/plugins\/seo\/ -->\n<title>Servicios - ATM24h<\/title>\n<meta name=\"robots\" content=\"index, follow, max-snippet:-1, max-image-preview:large, max-video-preview:-1\" \/>\n<link rel=\"canonical\" href=\"https:\/\/atm24h.com.br\/es\/servicios\/\" \/>\n<meta property=\"og:locale\" content=\"es_ES\" \/>\n<meta property=\"og:type\" content=\"article\" \/>\n<meta property=\"og:title\" content=\"Servicios - ATM24h\" \/>\n<meta property=\"og:description\" content=\"[vc_row][vc_column width=\u00bb1\/6&#8243;][\/vc_column][vc_column width=\u00bb2\/3&#8243;][\/vc_column][vc_column width=\u00bb1\/6&#8243;][\/vc_column][\/vc_row][vc_row animation_delay=\u00bb300&#8243;][vc_column][vc_row_inner][vc_column_inner width=\u00bb1\/3&#8243;][vc_single_image image=\u00bb4325&#8243; img_size=\u00bbfull\u00bb][\/vc_column_inner][vc_column_inner width=\u00bb1\/3&#8243;][vc_single_image image=\u00bb4324&#8243; img_size=\u00bbfull\u00bb][\/vc_column_inner][vc_column_inner width=\u00bb1\/3&#8243;][vc_single_image image=\u00bb4323&#8243; img_size=\u00bbfull\u00bb][\/vc_column_inner][\/vc_row_inner][\/vc_column][\/vc_row][vc_row][vc_column][vc_row_inner][vc_column_inner width=\u00bb1\/2&#8243;][vc_column_text] Beneficios de tener un cajero autom\u00e1tico 24h en tu establecimiento Servicio adicional para su establecimiento sin costo (Add-on) Aumenta el n\u00famero de clientes, resultando en mayor movimiento y tr\u00e1fico hacia tu establecimiento No requiere inversi\u00f3n. ATM24h corre con todos los [&hellip;]\" \/>\n<meta property=\"og:url\" content=\"https:\/\/atm24h.com.br\/es\/servicios\/\" \/>\n<meta property=\"og:site_name\" content=\"ATM24h\" \/>\n<meta name=\"twitter:card\" content=\"summary_large_image\" \/>\n<meta name=\"twitter:label1\" content=\"Tiempo de lectura\" \/>\n\t<meta name=\"twitter:data1\" content=\"3 minutos\" \/>\n<script type=\"application\/ld+json\" class=\"yoast-schema-graph\">{\"@context\":\"https:\/\/schema.org\",\"@graph\":[{\"@type\":\"WebPage\",\"@id\":\"https:\/\/atm24h.com.br\/es\/servicios\/\",\"url\":\"https:\/\/atm24h.com.br\/es\/servicios\/\",\"name\":\"Servicios - ATM24h\",\"isPartOf\":{\"@id\":\"https:\/\/atm24h.com.br\/es\/#website\"},\"datePublished\":\"2019-05-07T23:20:44+00:00\",\"breadcrumb\":{\"@id\":\"https:\/\/atm24h.com.br\/es\/servicios\/#breadcrumb\"},\"inLanguage\":\"es\",\"potentialAction\":[{\"@type\":\"ReadAction\",\"target\":[\"https:\/\/atm24h.com.br\/es\/servicios\/\"]}]},{\"@type\":\"BreadcrumbList\",\"@id\":\"https:\/\/atm24h.com.br\/es\/servicios\/#breadcrumb\",\"itemListElement\":[{\"@type\":\"ListItem\",\"position\":1,\"name\":\"Portada\",\"item\":\"https:\/\/atm24h.com.br\/es\/\"},{\"@type\":\"ListItem\",\"position\":2,\"name\":\"Servicios\"}]},{\"@type\":\"WebSite\",\"@id\":\"https:\/\/atm24h.com.br\/es\/#website\",\"url\":\"https:\/\/atm24h.com.br\/es\/\",\"name\":\"ATM24h\",\"description\":\"\",\"publisher\":{\"@id\":\"https:\/\/atm24h.com.br\/es\/#organization\"},\"alternateName\":\"ATM24h\",\"potentialAction\":[{\"@type\":\"SearchAction\",\"target\":{\"@type\":\"EntryPoint\",\"urlTemplate\":\"https:\/\/atm24h.com.br\/es\/?s={search_term_string}\"},\"query-input\":{\"@type\":\"PropertyValueSpecification\",\"valueRequired\":true,\"valueName\":\"search_term_string\"}}],\"inLanguage\":\"es\"},{\"@type\":\"Organization\",\"@id\":\"https:\/\/atm24h.com.br\/es\/#organization\",\"name\":\"ATM24h\",\"url\":\"https:\/\/atm24h.com.br\/es\/\",\"logo\":{\"@type\":\"ImageObject\",\"inLanguage\":\"es\",\"@id\":\"https:\/\/atm24h.com.br\/es\/#\/schema\/logo\/image\/\",\"url\":\"https:\/\/atm24h.com.br\/es\/wp-content\/uploads\/2023\/07\/LOGO-MONO.png\",\"contentUrl\":\"https:\/\/atm24h.com.br\/es\/wp-content\/uploads\/2023\/07\/LOGO-MONO.png\",\"width\":1327,\"height\":304,\"caption\":\"ATM24h\"},\"image\":{\"@id\":\"https:\/\/atm24h.com.br\/es\/#\/schema\/logo\/image\/\"}}]}<\/script>\n<!-- \/ Yoast SEO plugin. -->","yoast_head_json":{"title":"Servicios - ATM24h","robots":{"index":"index","follow":"follow","max-snippet":"max-snippet:-1","max-image-preview":"max-image-preview:large","max-video-preview":"max-video-preview:-1"},"canonical":"https:\/\/atm24h.com.br\/es\/servicios\/","og_locale":"es_ES","og_type":"article","og_title":"Servicios - ATM24h","og_description":"[vc_row][vc_column width=\u00bb1\/6&#8243;][\/vc_column][vc_column width=\u00bb2\/3&#8243;][\/vc_column][vc_column width=\u00bb1\/6&#8243;][\/vc_column][\/vc_row][vc_row animation_delay=\u00bb300&#8243;][vc_column][vc_row_inner][vc_column_inner width=\u00bb1\/3&#8243;][vc_single_image image=\u00bb4325&#8243; img_size=\u00bbfull\u00bb][\/vc_column_inner][vc_column_inner width=\u00bb1\/3&#8243;][vc_single_image image=\u00bb4324&#8243; img_size=\u00bbfull\u00bb][\/vc_column_inner][vc_column_inner width=\u00bb1\/3&#8243;][vc_single_image image=\u00bb4323&#8243; img_size=\u00bbfull\u00bb][\/vc_column_inner][\/vc_row_inner][\/vc_column][\/vc_row][vc_row][vc_column][vc_row_inner][vc_column_inner width=\u00bb1\/2&#8243;][vc_column_text] Beneficios de tener un cajero autom\u00e1tico 24h en tu establecimiento Servicio adicional para su establecimiento sin costo (Add-on) Aumenta el n\u00famero de clientes, resultando en mayor movimiento y tr\u00e1fico hacia tu establecimiento No requiere inversi\u00f3n. ATM24h corre con todos los [&hellip;]","og_url":"https:\/\/atm24h.com.br\/es\/servicios\/","og_site_name":"ATM24h","twitter_card":"summary_large_image","twitter_misc":{"Tiempo de lectura":"3 minutos"},"schema":{"@context":"https:\/\/schema.org","@graph":[{"@type":"WebPage","@id":"https:\/\/atm24h.com.br\/es\/servicios\/","url":"https:\/\/atm24h.com.br\/es\/servicios\/","name":"Servicios - ATM24h","isPartOf":{"@id":"https:\/\/atm24h.com.br\/es\/#website"},"datePublished":"2019-05-07T23:20:44+00:00","breadcrumb":{"@id":"https:\/\/atm24h.com.br\/es\/servicios\/#breadcrumb"},"inLanguage":"es","potentialAction":[{"@type":"ReadAction","target":["https:\/\/atm24h.com.br\/es\/servicios\/"]}]},{"@type":"BreadcrumbList","@id":"https:\/\/atm24h.com.br\/es\/servicios\/#breadcrumb","itemListElement":[{"@type":"ListItem","position":1,"name":"Portada","item":"https:\/\/atm24h.com.br\/es\/"},{"@type":"ListItem","position":2,"name":"Servicios"}]},{"@type":"WebSite","@id":"https:\/\/atm24h.com.br\/es\/#website","url":"https:\/\/atm24h.com.br\/es\/","name":"ATM24h","description":"","publisher":{"@id":"https:\/\/atm24h.com.br\/es\/#organization"},"alternateName":"ATM24h","potentialAction":[{"@type":"SearchAction","target":{"@type":"EntryPoint","urlTemplate":"https:\/\/atm24h.com.br\/es\/?s={search_term_string}"},"query-input":{"@type":"PropertyValueSpecification","valueRequired":true,"valueName":"search_term_string"}}],"inLanguage":"es"},{"@type":"Organization","@id":"https:\/\/atm24h.com.br\/es\/#organization","name":"ATM24h","url":"https:\/\/atm24h.com.br\/es\/","logo":{"@type":"ImageObject","inLanguage":"es","@id":"https:\/\/atm24h.com.br\/es\/#\/schema\/logo\/image\/","url":"https:\/\/atm24h.com.br\/es\/wp-content\/uploads\/2023\/07\/LOGO-MONO.png","contentUrl":"https:\/\/atm24h.com.br\/es\/wp-content\/uploads\/2023\/07\/LOGO-MONO.png","width":1327,"height":304,"caption":"ATM24h"},"image":{"@id":"https:\/\/atm24h.com.br\/es\/#\/schema\/logo\/image\/"}}]}},"_links":{"self":[{"href":"https:\/\/atm24h.com.br\/es\/wp-json\/wp\/v2\/pages\/3419","targetHints":{"allow":["GET"]}}],"collection":[{"href":"https:\/\/atm24h.com.br\/es\/wp-json\/wp\/v2\/pages"}],"about":[{"href":"https:\/\/atm24h.com.br\/es\/wp-json\/wp\/v2\/types\/page"}],"author":[{"embeddable":true,"href":"https:\/\/atm24h.com.br\/es\/wp-json\/wp\/v2\/users\/1"}],"replies":[{"embeddable":true,"href":"https:\/\/atm24h.com.br\/es\/wp-json\/wp\/v2\/comments?post=3419"}],"version-history":[{"count":0,"href":"https:\/\/atm24h.com.br\/es\/wp-json\/wp\/v2\/pages\/3419\/revisions"}],"wp:attachment":[{"href":"https:\/\/atm24h.com.br\/es\/wp-json\/wp\/v2\/media?parent=3419"}],"curies":[{"name":"wp","href":"https:\/\/api.w.org\/{rel}","templated":true}]}}